{"id":2,"date":"2025-05-06T18:09:06","date_gmt":"2025-05-06T16:09:06","guid":{"rendered":"https:\/\/bunvadaszok.hu\/?page_id=2"},"modified":"2026-01-21T15:13:10","modified_gmt":"2026-01-21T14:13:10","slug":"rolunk","status":"publish","type":"page","link":"https:\/\/bunvadaszok.hu\/en\/rolunk\/","title":{"rendered":"R\u00f3lunk"},"content":{"rendered":"<p><span class=\"yt-core-attributed-string yt-core-attributed-string--white-space-pre-wrap\" dir=\"auto\" role=\"text\">Egy csapat hazafi megel\u00e9gelte, hogy az \u00e1llam k\u00e9ptelen megv\u00e9deni a tisztess\u00e9ges magyarok vagyon- \u00e9s szem\u00e9lybiztons\u00e1g\u00e1t. Bartal Andr\u00e1s, a Mi Haz\u00e1nk budapesti, 15. ker\u00fcleti \u00f6nkorm\u00e1nyzati k\u00e9pvisel\u0151je, egy\u00fattal a Magyar \u00d6nv\u00e9delmi Mozgalom vezet\u0151je \u00fagy d\u00f6nt\u00f6tt, hogy maga szervezi meg azt a csoportot, amely \u00f6nzetlen\u00fcl v\u00e9delmet ny\u00fajt a bajba jutott embereknek. A B\u0171nvad\u00e1szok YouTube-csatorna azt fogja bizony\u00edtani, hogy a b\u0171n\u00f6z\u0151ket, a tudatosan t\u00f6rv\u00e9nyeket s\u00e9rt\u0151ket, kreat\u00edv m\u00f3dszerekkel, t\u00f6rv\u00e9nyes \u00faton semleges\u00edteni lehet, \u00e9s pillanatok alatt rendet lehetne teremteni az eg\u00e9sz orsz\u00e1gban, ha lenne a korm\u00e1ny r\u00e9sz\u00e9r\u0151l ilyen politikai sz\u00e1nd\u00e9k, de sajnos nincs. A mi r\u00e9sz\u00fcnkr\u0151l viszont van, mi rendet, t\u00f6k\u00e9letes k\u00f6zbiztons\u00e1got akarunk v\u00e9gre. <\/span><\/p>\r\n\r\n<p class=\"is-layout-flow wp-block-quote-is-layout-flow\"><strong>T\u00e1mogat\u00e1s:<\/strong><\/p>\r\n<h6>Sz\u00e1mlasz\u00e1m: 10918001-00000134-79770006 (UniCredit)<\/h6>\r\n<h6>IBAN: HU21 10918001 00000134 79770006<\/h6>\r\n<h6>BIC(SWIFT)K\u00d3D: BACXHUHB<\/h6>\r\n<h6>Sz\u00e1mlatulajdonos: TISZTESS\u00c9G A B\u0170N HELYETT ALAP\u00cdTV\u00c1NY<\/h6>","protected":false},"excerpt":{"rendered":"<p>Egy csapat hazafi megel\u00e9gelte, hogy az \u00e1llam k\u00e9ptelen megv\u00e9deni a tisztess\u00e9ges magyarok vagyon- \u00e9s szem\u00e9lybiztons\u00e1g\u00e1t. Bartal Andr\u00e1s, a Mi Haz\u00e1nk budapesti, 15. ker\u00fcleti \u00f6nkorm\u00e1nyzati k\u00e9pvisel\u0151je, egy\u00fattal a Magyar \u00d6nv\u00e9delmi Mozgalom vezet\u0151je \u00fagy d\u00f6nt\u00f6tt, hogy maga szervezi meg azt a csoportot, amely \u00f6nzetlen\u00fcl v\u00e9delmet ny\u00fajt a bajba jutott embereknek. A B\u0171nvad\u00e1szok YouTube-csatorna azt fogja bizony\u00edtani, hogy&#8230;<\/p>","protected":false},"author":1,"featured_media":0,"parent":0,"menu_order":0,"comment_status":"closed","ping_status":"closed","template":"","meta":{"inline_featured_image":false,"footnotes":""},"class_list":["post-2","page","type-page","status-publish","hentry"],"yoast_head":"<!-- This site is optimized with the Yoast SEO Premium plugin v26.3 (Yoast SEO v27.0) - https:\/\/yoast.com\/product\/yoast-seo-premium-wordpress\/ -->\n<title>R\u00f3lunk - B\u0170NVAD\u00c1SZOK<\/title>\n<meta name=\"robots\" content=\"index, follow, max-snippet:-1, max-image-preview:large, max-video-preview:-1\" \/>\n<link rel=\"canonical\" href=\"https:\/\/bunvadaszok.hu\/en\/rolunk\/\" \/>\n<meta property=\"og:locale\" content=\"en_US\" \/>\n<meta property=\"og:type\" content=\"article\" \/>\n<meta property=\"og:title\" content=\"R\u00f3lunk\" \/>\n<meta property=\"og:description\" content=\"Egy csapat hazafi megel\u00e9gelte, hogy az \u00e1llam k\u00e9ptelen megv\u00e9deni a tisztess\u00e9ges magyarok vagyon- \u00e9s szem\u00e9lybiztons\u00e1g\u00e1t. Bartal Andr\u00e1s, a Mi Haz\u00e1nk budapesti, 15. ker\u00fcleti \u00f6nkorm\u00e1nyzati k\u00e9pvisel\u0151je, egy\u00fattal a Magyar \u00d6nv\u00e9delmi Mozgalom vezet\u0151je \u00fagy d\u00f6nt\u00f6tt, hogy maga szervezi meg azt a csoportot, amely \u00f6nzetlen\u00fcl v\u00e9delmet ny\u00fajt a bajba jutott embereknek. A B\u0171nvad\u00e1szok YouTube-csatorna azt fogja bizony\u00edtani, hogy...\" \/>\n<meta property=\"og:url\" content=\"https:\/\/bunvadaszok.hu\/en\/rolunk\/\" \/>\n<meta property=\"og:site_name\" content=\"B\u0170NVAD\u00c1SZOK\" \/>\n<meta property=\"article:publisher\" content=\"https:\/\/www.facebook.com\/bunvadaszokcsatorna\/\" \/>\n<meta property=\"article:modified_time\" content=\"2026-01-21T14:13:10+00:00\" \/>\n<meta name=\"twitter:card\" content=\"summary_large_image\" \/>\n<meta name=\"twitter:label1\" content=\"Est. reading time\" \/>\n\t<meta name=\"twitter:data1\" content=\"1 minute\" \/>\n<script type=\"application\/ld+json\" class=\"yoast-schema-graph\">{\"@context\":\"https:\/\/schema.org\",\"@graph\":[{\"@type\":\"WebPage\",\"@id\":\"https:\/\/bunvadaszok.hu\/rolunk\/\",\"url\":\"https:\/\/bunvadaszok.hu\/rolunk\/\",\"name\":\"R\u00f3lunk - B\u0170NVAD\u00c1SZOK\",\"isPartOf\":{\"@id\":\"https:\/\/bunvadaszok.hu\/#website\"},\"datePublished\":\"2025-05-06T16:09:06+00:00\",\"dateModified\":\"2026-01-21T14:13:10+00:00\",\"breadcrumb\":{\"@id\":\"https:\/\/bunvadaszok.hu\/rolunk\/#breadcrumb\"},\"inLanguage\":\"en-US\",\"potentialAction\":[{\"@type\":\"ReadAction\",\"target\":[\"https:\/\/bunvadaszok.hu\/rolunk\/\"]}]},{\"@type\":\"BreadcrumbList\",\"@id\":\"https:\/\/bunvadaszok.hu\/rolunk\/#breadcrumb\",\"itemListElement\":[{\"@type\":\"ListItem\",\"position\":1,\"name\":\"Kezd\u0151lap\",\"item\":\"https:\/\/bunvadaszok.hu\/\"},{\"@type\":\"ListItem\",\"position\":2,\"name\":\"R\u00f3lunk\"}]},{\"@type\":\"WebSite\",\"@id\":\"https:\/\/bunvadaszok.hu\/#website\",\"url\":\"https:\/\/bunvadaszok.hu\/\",\"name\":\"B\u0170NVAD\u00c1SZOK\",\"description\":\"\",\"publisher\":{\"@id\":\"https:\/\/bunvadaszok.hu\/#organization\"},\"potentialAction\":[{\"@type\":\"SearchAction\",\"target\":{\"@type\":\"EntryPoint\",\"urlTemplate\":\"https:\/\/bunvadaszok.hu\/?s={search_term_string}\"},\"query-input\":{\"@type\":\"PropertyValueSpecification\",\"valueRequired\":true,\"valueName\":\"search_term_string\"}}],\"inLanguage\":\"en-US\"},{\"@type\":\"Organization\",\"@id\":\"https:\/\/bunvadaszok.hu\/#organization\",\"name\":\"B\u0170NVAD\u00c1SZOK\",\"url\":\"https:\/\/bunvadaszok.hu\/\",\"logo\":{\"@type\":\"ImageObject\",\"inLanguage\":\"en-US\",\"@id\":\"https:\/\/bunvadaszok.hu\/#\/schema\/logo\/image\/\",\"url\":\"https:\/\/bunvadaszok.hu\/wp-content\/uploads\/2025\/05\/android-chrome-512x512-1.png\",\"contentUrl\":\"https:\/\/bunvadaszok.hu\/wp-content\/uploads\/2025\/05\/android-chrome-512x512-1.png\",\"width\":512,\"height\":512,\"caption\":\"B\u0170NVAD\u00c1SZOK\"},\"image\":{\"@id\":\"https:\/\/bunvadaszok.hu\/#\/schema\/logo\/image\/\"},\"sameAs\":[\"https:\/\/www.facebook.com\/bunvadaszokcsatorna\/\",\"https:\/\/www.tiktok.com\/@bunvadaszokcsatorna\"]}]}<\/script>\n<!-- \/ Yoast SEO Premium plugin. -->","yoast_head_json":{"title":"R\u00f3lunk - B\u0170NVAD\u00c1SZOK","robots":{"index":"index","follow":"follow","max-snippet":"max-snippet:-1","max-image-preview":"max-image-preview:large","max-video-preview":"max-video-preview:-1"},"canonical":"https:\/\/bunvadaszok.hu\/en\/rolunk\/","og_locale":"en_US","og_type":"article","og_title":"R\u00f3lunk","og_description":"Egy csapat hazafi megel\u00e9gelte, hogy az \u00e1llam k\u00e9ptelen megv\u00e9deni a tisztess\u00e9ges magyarok vagyon- \u00e9s szem\u00e9lybiztons\u00e1g\u00e1t. Bartal Andr\u00e1s, a Mi Haz\u00e1nk budapesti, 15. ker\u00fcleti \u00f6nkorm\u00e1nyzati k\u00e9pvisel\u0151je, egy\u00fattal a Magyar \u00d6nv\u00e9delmi Mozgalom vezet\u0151je \u00fagy d\u00f6nt\u00f6tt, hogy maga szervezi meg azt a csoportot, amely \u00f6nzetlen\u00fcl v\u00e9delmet ny\u00fajt a bajba jutott embereknek. A B\u0171nvad\u00e1szok YouTube-csatorna azt fogja bizony\u00edtani, hogy...","og_url":"https:\/\/bunvadaszok.hu\/en\/rolunk\/","og_site_name":"B\u0170NVAD\u00c1SZOK","article_publisher":"https:\/\/www.facebook.com\/bunvadaszokcsatorna\/","article_modified_time":"2026-01-21T14:13:10+00:00","twitter_card":"summary_large_image","twitter_misc":{"Est. reading time":"1 minute"},"schema":{"@context":"https:\/\/schema.org","@graph":[{"@type":"WebPage","@id":"https:\/\/bunvadaszok.hu\/rolunk\/","url":"https:\/\/bunvadaszok.hu\/rolunk\/","name":"R\u00f3lunk - B\u0170NVAD\u00c1SZOK","isPartOf":{"@id":"https:\/\/bunvadaszok.hu\/#website"},"datePublished":"2025-05-06T16:09:06+00:00","dateModified":"2026-01-21T14:13:10+00:00","breadcrumb":{"@id":"https:\/\/bunvadaszok.hu\/rolunk\/#breadcrumb"},"inLanguage":"en-US","potentialAction":[{"@type":"ReadAction","target":["https:\/\/bunvadaszok.hu\/rolunk\/"]}]},{"@type":"BreadcrumbList","@id":"https:\/\/bunvadaszok.hu\/rolunk\/#breadcrumb","itemListElement":[{"@type":"ListItem","position":1,"name":"Kezd\u0151lap","item":"https:\/\/bunvadaszok.hu\/"},{"@type":"ListItem","position":2,"name":"R\u00f3lunk"}]},{"@type":"WebSite","@id":"https:\/\/bunvadaszok.hu\/#website","url":"https:\/\/bunvadaszok.hu\/","name":"B\u0170NVAD\u00c1SZOK","description":"","publisher":{"@id":"https:\/\/bunvadaszok.hu\/#organization"},"potentialAction":[{"@type":"SearchAction","target":{"@type":"EntryPoint","urlTemplate":"https:\/\/bunvadaszok.hu\/?s={search_term_string}"},"query-input":{"@type":"PropertyValueSpecification","valueRequired":true,"valueName":"search_term_string"}}],"inLanguage":"en-US"},{"@type":"Organization","@id":"https:\/\/bunvadaszok.hu\/#organization","name":"B\u0170NVAD\u00c1SZOK","url":"https:\/\/bunvadaszok.hu\/","logo":{"@type":"ImageObject","inLanguage":"en-US","@id":"https:\/\/bunvadaszok.hu\/#\/schema\/logo\/image\/","url":"https:\/\/bunvadaszok.hu\/wp-content\/uploads\/2025\/05\/android-chrome-512x512-1.png","contentUrl":"https:\/\/bunvadaszok.hu\/wp-content\/uploads\/2025\/05\/android-chrome-512x512-1.png","width":512,"height":512,"caption":"B\u0170NVAD\u00c1SZOK"},"image":{"@id":"https:\/\/bunvadaszok.hu\/#\/schema\/logo\/image\/"},"sameAs":["https:\/\/www.facebook.com\/bunvadaszokcsatorna\/","https:\/\/www.tiktok.com\/@bunvadaszokcsatorna"]}]}},"_links":{"self":[{"href":"https:\/\/bunvadaszok.hu\/en\/wp-json\/wp\/v2\/pages\/2","targetHints":{"allow":["GET"]}}],"collection":[{"href":"https:\/\/bunvadaszok.hu\/en\/wp-json\/wp\/v2\/pages"}],"about":[{"href":"https:\/\/bunvadaszok.hu\/en\/wp-json\/wp\/v2\/types\/page"}],"author":[{"embeddable":true,"href":"https:\/\/bunvadaszok.hu\/en\/wp-json\/wp\/v2\/users\/1"}],"replies":[{"embeddable":true,"href":"https:\/\/bunvadaszok.hu\/en\/wp-json\/wp\/v2\/comments?post=2"}],"version-history":[{"count":5,"href":"https:\/\/bunvadaszok.hu\/en\/wp-json\/wp\/v2\/pages\/2\/revisions"}],"predecessor-version":[{"id":1810,"href":"https:\/\/bunvadaszok.hu\/en\/wp-json\/wp\/v2\/pages\/2\/revisions\/1810"}],"wp:attachment":[{"href":"https:\/\/bunvadaszok.hu\/en\/wp-json\/wp\/v2\/media?parent=2"}],"curies":[{"name":"wp","href":"https:\/\/api.w.org\/{rel}","templated":true}]}}