{"id":484,"date":"2025-05-05T09:53:30","date_gmt":"2025-05-05T07:53:30","guid":{"rendered":"http:\/\/boombox.px-lab.com\/?page_id=484"},"modified":"2026-02-08T22:40:23","modified_gmt":"2026-02-08T21:40:23","slug":"kapcsolat","status":"publish","type":"page","link":"https:\/\/bunvadaszok.hu\/en\/kapcsolat\/","title":{"rendered":"Kapcsolat"},"content":{"rendered":"<h4>\u00cdrj\u00e1l nek\u00fcnk, minden megkeres\u00e9st sz\u00edvesen fogadunk.<\/h4>\n<p>A bejelent\u00e9sre amint lehet v\u00e1laszolni fogunk.<\/p>\n\t<div class=\"bb-contact-form-block\">\r\n\t\t<div class=\"bb-contact-form-msg bb-txt-msg\"><\/div>\r\n\t\t<form class=\"bb-contact-form\" action=\"\/en\/contact_form\/\" data-trp-original-action=\"contact_form\">\r\n\t\t\t<div class=\"bb-form-block\">\r\n\t\t\t\t<div class=\"row\">\r\n\t\t\t\t\t<div class=\"input-field col-lg-6 col-sm-6\">\r\n\t\t\t\t\t\t<input name=\"boombox_name\" type=\"text\" placeholder=\"Name *\">\r\n\t\t\t\t\t<\/div>\r\n\t\t\t\t\t<div class=\"input-field col-lg-6 col-sm-6\">\r\n\t\t\t\t\t\t<input name=\"boombox_email\" type=\"email\" placeholder=\"Email *\">\r\n\t\t\t\t\t<\/div>\r\n\t\t\t\t\t<div class=\"col-lg-12 input-field\">\r\n\t\t\t\t\t\t<textarea name=\"boombox_comment\" placeholder=\"Your Message *\"><\/textarea>\r\n\t\t\t\t\t<\/div>\r\n\t\t\t\t<\/div>\r\n\t\t\t<\/div>\r\n\r\n\t\t\t\r\n\t\t\t<div class=\"bb-form-row-actions\">\r\n\t\t\t\t\t\t\t\t\t<div class=\"captcha-col\">\r\n\t\t\t\t\t\t\r\n\t\t\t\t\t\t\t<div class=\"captcha-container loading\">\r\n\t\t\t\t\t\t\t\t<div class=\"form-captcha\">\r\n\t\t\t\t\t\t\t\t\t<img decoding=\"async\" src=\"\" alt=\"Captcha!\" class=\"captcha\" \/>\r\n\t\t\t\t\t\t\t\t\t<a href=\"#refresh-captcha\" class=\"boombox-refresh-captcha refresh-captcha\"><\/a>\r\n\t\t\t\t\t\t\t\t<\/div>\r\n\t\t\t\t\t\t\t\t<input type=\"text\" name=\"boombox_captcha_code\" class=\"required\" placeholder=\"Enter captcha\">\r\n\t\t\t\t\t\t\t<\/div>\r\n\r\n\t\t\t\t\t\t\t\t\t\t\t<\/div>\r\n\t\t\t\t\t\t\t\t<div class=\"btn-col\">\r\n\t\t\t\t\t<div class=\"input-field form-submit\">\r\n\t\t\t\t\t\t<input name=\"submit\" type=\"submit\" id=\"submit\" class=\"submit pull-right\" value=\"Submit Your Message\" \/>\r\n\t\t\t\t\t<\/div>\r\n\t\t\t\t<\/div>\r\n\t\t\t<\/div>\r\n\r\n\t\t<input type=\"hidden\" name=\"trp-form-language\" value=\"en\"\/><\/form>\r\n\t<\/div>","protected":false},"excerpt":{"rendered":"<p>\u00cdrj\u00e1l nek\u00fcnk, minden megkeres\u00e9st sz\u00edvesen fogadunk. A bejelent\u00e9sre amint lehet v\u00e1laszolni fogunk.<\/p>","protected":false},"author":1,"featured_media":0,"parent":0,"menu_order":0,"comment_status":"closed","ping_status":"closed","template":"","meta":{"inline_featured_image":false,"footnotes":""},"class_list":["post-484","page","type-page","status-publish","hentry"],"yoast_head":"<!-- This site is optimized with the Yoast SEO Premium plugin v26.3 (Yoast SEO v27.0) - https:\/\/yoast.com\/product\/yoast-seo-premium-wordpress\/ -->\n<title>Kapcsolat - B\u0170NVAD\u00c1SZOK<\/title>\n<meta name=\"robots\" content=\"index, follow, max-snippet:-1, max-image-preview:large, max-video-preview:-1\" \/>\n<link rel=\"canonical\" href=\"https:\/\/bunvadaszok.hu\/en\/kapcsolat\/\" \/>\n<meta property=\"og:locale\" content=\"en_US\" \/>\n<meta property=\"og:type\" content=\"article\" \/>\n<meta property=\"og:title\" content=\"Kapcsolat\" \/>\n<meta property=\"og:description\" content=\"\u00cdrj\u00e1l nek\u00fcnk, minden megkeres\u00e9st sz\u00edvesen fogadunk. A bejelent\u00e9sre amint lehet v\u00e1laszolni fogunk.\" \/>\n<meta property=\"og:url\" content=\"https:\/\/bunvadaszok.hu\/en\/kapcsolat\/\" \/>\n<meta property=\"og:site_name\" content=\"B\u0170NVAD\u00c1SZOK\" \/>\n<meta property=\"article:publisher\" content=\"https:\/\/www.facebook.com\/bunvadaszokcsatorna\/\" \/>\n<meta property=\"article:modified_time\" content=\"2026-02-08T21:40:23+00:00\" \/>\n<meta name=\"twitter:card\" content=\"summary_large_image\" \/>\n<meta name=\"twitter:label1\" content=\"Est. reading time\" \/>\n\t<meta name=\"twitter:data1\" content=\"1 minute\" \/>\n<script type=\"application\/ld+json\" class=\"yoast-schema-graph\">{\"@context\":\"https:\/\/schema.org\",\"@graph\":[{\"@type\":\"WebPage\",\"@id\":\"https:\/\/bunvadaszok.hu\/kapcsolat\/\",\"url\":\"https:\/\/bunvadaszok.hu\/kapcsolat\/\",\"name\":\"Kapcsolat - B\u0170NVAD\u00c1SZOK\",\"isPartOf\":{\"@id\":\"https:\/\/bunvadaszok.hu\/#website\"},\"datePublished\":\"2025-05-05T07:53:30+00:00\",\"dateModified\":\"2026-02-08T21:40:23+00:00\",\"breadcrumb\":{\"@id\":\"https:\/\/bunvadaszok.hu\/kapcsolat\/#breadcrumb\"},\"inLanguage\":\"en-US\",\"potentialAction\":[{\"@type\":\"ReadAction\",\"target\":[\"https:\/\/bunvadaszok.hu\/kapcsolat\/\"]}]},{\"@type\":\"BreadcrumbList\",\"@id\":\"https:\/\/bunvadaszok.hu\/kapcsolat\/#breadcrumb\",\"itemListElement\":[{\"@type\":\"ListItem\",\"position\":1,\"name\":\"Kezd\u0151lap\",\"item\":\"https:\/\/bunvadaszok.hu\/\"},{\"@type\":\"ListItem\",\"position\":2,\"name\":\"Kapcsolat\"}]},{\"@type\":\"WebSite\",\"@id\":\"https:\/\/bunvadaszok.hu\/#website\",\"url\":\"https:\/\/bunvadaszok.hu\/\",\"name\":\"B\u0170NVAD\u00c1SZOK\",\"description\":\"\",\"publisher\":{\"@id\":\"https:\/\/bunvadaszok.hu\/#organization\"},\"potentialAction\":[{\"@type\":\"SearchAction\",\"target\":{\"@type\":\"EntryPoint\",\"urlTemplate\":\"https:\/\/bunvadaszok.hu\/?s={search_term_string}\"},\"query-input\":{\"@type\":\"PropertyValueSpecification\",\"valueRequired\":true,\"valueName\":\"search_term_string\"}}],\"inLanguage\":\"en-US\"},{\"@type\":\"Organization\",\"@id\":\"https:\/\/bunvadaszok.hu\/#organization\",\"name\":\"B\u0170NVAD\u00c1SZOK\",\"url\":\"https:\/\/bunvadaszok.hu\/\",\"logo\":{\"@type\":\"ImageObject\",\"inLanguage\":\"en-US\",\"@id\":\"https:\/\/bunvadaszok.hu\/#\/schema\/logo\/image\/\",\"url\":\"https:\/\/bunvadaszok.hu\/wp-content\/uploads\/2025\/05\/android-chrome-512x512-1.png\",\"contentUrl\":\"https:\/\/bunvadaszok.hu\/wp-content\/uploads\/2025\/05\/android-chrome-512x512-1.png\",\"width\":512,\"height\":512,\"caption\":\"B\u0170NVAD\u00c1SZOK\"},\"image\":{\"@id\":\"https:\/\/bunvadaszok.hu\/#\/schema\/logo\/image\/\"},\"sameAs\":[\"https:\/\/www.facebook.com\/bunvadaszokcsatorna\/\",\"https:\/\/www.tiktok.com\/@bunvadaszokcsatorna\"]}]}<\/script>\n<!-- \/ Yoast SEO Premium plugin. -->","yoast_head_json":{"title":"Kapcsolat - B\u0170NVAD\u00c1SZOK","robots":{"index":"index","follow":"follow","max-snippet":"max-snippet:-1","max-image-preview":"max-image-preview:large","max-video-preview":"max-video-preview:-1"},"canonical":"https:\/\/bunvadaszok.hu\/en\/kapcsolat\/","og_locale":"en_US","og_type":"article","og_title":"Kapcsolat","og_description":"\u00cdrj\u00e1l nek\u00fcnk, minden megkeres\u00e9st sz\u00edvesen fogadunk. A bejelent\u00e9sre amint lehet v\u00e1laszolni fogunk.","og_url":"https:\/\/bunvadaszok.hu\/en\/kapcsolat\/","og_site_name":"B\u0170NVAD\u00c1SZOK","article_publisher":"https:\/\/www.facebook.com\/bunvadaszokcsatorna\/","article_modified_time":"2026-02-08T21:40:23+00:00","twitter_card":"summary_large_image","twitter_misc":{"Est. reading time":"1 minute"},"schema":{"@context":"https:\/\/schema.org","@graph":[{"@type":"WebPage","@id":"https:\/\/bunvadaszok.hu\/kapcsolat\/","url":"https:\/\/bunvadaszok.hu\/kapcsolat\/","name":"Kapcsolat - B\u0170NVAD\u00c1SZOK","isPartOf":{"@id":"https:\/\/bunvadaszok.hu\/#website"},"datePublished":"2025-05-05T07:53:30+00:00","dateModified":"2026-02-08T21:40:23+00:00","breadcrumb":{"@id":"https:\/\/bunvadaszok.hu\/kapcsolat\/#breadcrumb"},"inLanguage":"en-US","potentialAction":[{"@type":"ReadAction","target":["https:\/\/bunvadaszok.hu\/kapcsolat\/"]}]},{"@type":"BreadcrumbList","@id":"https:\/\/bunvadaszok.hu\/kapcsolat\/#breadcrumb","itemListElement":[{"@type":"ListItem","position":1,"name":"Kezd\u0151lap","item":"https:\/\/bunvadaszok.hu\/"},{"@type":"ListItem","position":2,"name":"Kapcsolat"}]},{"@type":"WebSite","@id":"https:\/\/bunvadaszok.hu\/#website","url":"https:\/\/bunvadaszok.hu\/","name":"B\u0170NVAD\u00c1SZOK","description":"","publisher":{"@id":"https:\/\/bunvadaszok.hu\/#organization"},"potentialAction":[{"@type":"SearchAction","target":{"@type":"EntryPoint","urlTemplate":"https:\/\/bunvadaszok.hu\/?s={search_term_string}"},"query-input":{"@type":"PropertyValueSpecification","valueRequired":true,"valueName":"search_term_string"}}],"inLanguage":"en-US"},{"@type":"Organization","@id":"https:\/\/bunvadaszok.hu\/#organization","name":"B\u0170NVAD\u00c1SZOK","url":"https:\/\/bunvadaszok.hu\/","logo":{"@type":"ImageObject","inLanguage":"en-US","@id":"https:\/\/bunvadaszok.hu\/#\/schema\/logo\/image\/","url":"https:\/\/bunvadaszok.hu\/wp-content\/uploads\/2025\/05\/android-chrome-512x512-1.png","contentUrl":"https:\/\/bunvadaszok.hu\/wp-content\/uploads\/2025\/05\/android-chrome-512x512-1.png","width":512,"height":512,"caption":"B\u0170NVAD\u00c1SZOK"},"image":{"@id":"https:\/\/bunvadaszok.hu\/#\/schema\/logo\/image\/"},"sameAs":["https:\/\/www.facebook.com\/bunvadaszokcsatorna\/","https:\/\/www.tiktok.com\/@bunvadaszokcsatorna"]}]}},"_links":{"self":[{"href":"https:\/\/bunvadaszok.hu\/en\/wp-json\/wp\/v2\/pages\/484","targetHints":{"allow":["GET"]}}],"collection":[{"href":"https:\/\/bunvadaszok.hu\/en\/wp-json\/wp\/v2\/pages"}],"about":[{"href":"https:\/\/bunvadaszok.hu\/en\/wp-json\/wp\/v2\/types\/page"}],"author":[{"embeddable":true,"href":"https:\/\/bunvadaszok.hu\/en\/wp-json\/wp\/v2\/users\/1"}],"replies":[{"embeddable":true,"href":"https:\/\/bunvadaszok.hu\/en\/wp-json\/wp\/v2\/comments?post=484"}],"version-history":[{"count":4,"href":"https:\/\/bunvadaszok.hu\/en\/wp-json\/wp\/v2\/pages\/484\/revisions"}],"predecessor-version":[{"id":1888,"href":"https:\/\/bunvadaszok.hu\/en\/wp-json\/wp\/v2\/pages\/484\/revisions\/1888"}],"wp:attachment":[{"href":"https:\/\/bunvadaszok.hu\/en\/wp-json\/wp\/v2\/media?parent=484"}],"curies":[{"name":"wp","href":"https:\/\/api.w.org\/{rel}","templated":true}]}}